{"id":1498,"date":"2022-07-20T02:23:45","date_gmt":"2022-07-20T01:23:45","guid":{"rendered":"https:\/\/www.begini.co\/?page_id=1498"},"modified":"2022-07-20T02:35:45","modified_gmt":"2022-07-20T01:35:45","slug":"mobile-privacy-policy","status":"publish","type":"page","link":"https:\/\/www.begini.co\/es\/mobile-privacy-policy\/","title":{"rendered":"Pol\u00edtica de privacidad para m\u00f3viles"},"content":{"rendered":"<div data-elementor-type=\"wp-page\" data-elementor-id=\"1498\" class=\"elementor elementor-1498\" data-elementor-post-type=\"page\">\n\t\t\t\t\t\t<section class=\"elementor-section elementor-top-section elementor-element elementor-element-84f1d55 elementor-section-height-min-height elementor-section-boxed elementor-section-height-default elementor-section-items-middle\" data-id=\"84f1d55\" data-element_type=\"section\" data-e-type=\"section\" data-settings=\"{&quot;background_background&quot;:&quot;classic&quot;}\">\n\t\t\t\t\t\t\t<div class=\"elementor-background-overlay\"><\/div>\n\t\t\t\t\t\t\t<div class=\"elementor-container elementor-column-gap-default\">\n\t\t\t\t\t<div class=\"elementor-column elementor-col-100 elementor-top-column elementor-element elementor-element-0a5f715\" data-id=\"0a5f715\" data-element_type=\"column\" data-e-type=\"column\">\n\t\t\t<div class=\"elementor-widget-wrap elementor-element-populated\">\n\t\t\t\t\t\t<div class=\"elementor-element elementor-element-a91a2a4 elementor-widget elementor-widget-spacer\" data-id=\"a91a2a4\" data-element_type=\"widget\" data-e-type=\"widget\" data-widget_type=\"spacer.default\">\n\t\t\t\t<div class=\"elementor-widget-container\">\n\t\t\t\t\t\t\t<div class=\"elementor-spacer\">\n\t\t\t<div class=\"elementor-spacer-inner\"><\/div>\n\t\t<\/div>\n\t\t\t\t\t\t<\/div>\n\t\t\t\t<\/div>\n\t\t\t\t<div class=\"elementor-element elementor-element-378b352 elementor-widget elementor-widget-heading\" data-id=\"378b352\" data-element_type=\"widget\" data-e-type=\"widget\" data-widget_type=\"heading.default\">\n\t\t\t\t<div class=\"elementor-widget-container\">\n\t\t\t\t\t<h3 class=\"elementor-heading-title elementor-size-default\">\u00daltima actualizaci\u00f3n: 26 de mayo de 2022<\/h3>\t\t\t\t<\/div>\n\t\t\t\t<\/div>\n\t\t\t\t<div class=\"elementor-element elementor-element-fdec88c elementor-widget elementor-widget-text-editor\" data-id=\"fdec88c\" data-element_type=\"widget\" data-e-type=\"widget\" data-widget_type=\"text-editor.default\">\n\t\t\t\t<div class=\"elementor-widget-container\">\n\t\t\t\t\t\t\t\t\t<h2><span style=\"font-family: inherit;\">Pol\u00edtica de privacidad de datos de dispositivos<\/span><\/h2><p><strong>Informaci\u00f3n general y datos de contacto<\/strong><\/p><p>Begini Ltd. (\"<strong>Begini<\/strong>\u201c, \u201c<strong>nosotros<\/strong>\u201c, \u201c<strong>us<\/strong>\" o \"<strong>nuestra<\/strong>\") se toma muy en serio la protecci\u00f3n y seguridad de sus datos personales. Este aviso de privacidad establece los datos que recopilamos y procesamos sobre usted a trav\u00e9s de nuestros productos y servicios, los fines del procesamiento de datos y c\u00f3mo puede ejercer sus derechos de privacidad.<\/p><p>Es posible que est\u00e9 leyendo este aviso debido a un enlace proporcionado por una organizaci\u00f3n con la que est\u00e1 contratando (nuestro cliente), o simplemente desea obtener m\u00e1s informaci\u00f3n sobre el tratamiento de datos en relaci\u00f3n con nuestros productos y servicios.<\/p><p>Por favor, lea este aviso si y cuando una organizaci\u00f3n de su elecci\u00f3n (nuestro cliente) nos ha asignado su consentimiento para acceder a sus datos personales como parte de los Servicios de Puntuaci\u00f3n de Cr\u00e9dito sobre la base de un acuerdo separado con nosotros.<\/p><p>Nuestro cliente y proveedor de datos (con el que usted se ha comprometido) tendr\u00e1 un motivo leg\u00edtimo para recoger y tratar sus datos y puede tener una relaci\u00f3n separada con usted. Est\u00e1 obligado por separado a facilitarle informaci\u00f3n (por ejemplo, a trav\u00e9s de su propio aviso de privacidad) sobre c\u00f3mo recopila y procesa sus datos.<\/p><p>Tenemos oficinas en varios lugares, y nuestro domicilio social est\u00e1 en:<\/p><p>Begini Ltd<br \/>6.5 Casa del Horno,<br \/>Pottergate,<br \/>Norwich NR2 1DX<\/p><p>Estamos registrados en la Oficina del Comisionado de Informaci\u00f3n (ICO) con el n\u00famero de registro ZB307789.<\/p><p>Si tiene alguna pregunta sobre c\u00f3mo utilizamos sus datos, p\u00f3ngase en contacto con nuestro responsable de protecci\u00f3n de datos por correo electr\u00f3nico en privacy_at_begini.co\u00a0<\/p><p>Revisamos este aviso de privacidad anualmente, o antes si los cambios en la normativa lo exigen o modificamos la forma en que tratamos los datos personales.<\/p><p>Este aviso de privacidad se actualiz\u00f3 por \u00faltima vez el 26 de mayo de 2022.<\/p><p><strong>\u00bfQu\u00e9 hacemos?<\/strong><\/p><p>Begini ofrece productos y servicios para ayudar a las entidades financieras y de otro tipo a tomar decisiones crediticias en tiempo real. Utilizamos metadatos de dispositivos m\u00f3viles para producir la puntuaci\u00f3n de cr\u00e9dito alternativa a trav\u00e9s de nuestra tecnolog\u00eda patentada. Esto incluye algoritmos muy sofisticados y an\u00e1lisis predictivos aplicados a los metadatos a los que se accede a trav\u00e9s de nuestros SDK m\u00f3viles. Proporcionamos esta puntuaci\u00f3n de cr\u00e9dito alternativa \u00fanicamente en relaci\u00f3n con el servicio que est\u00e1 solicitando en la organizaci\u00f3n de su elecci\u00f3n (nuestro cliente). NO compartimos su puntuaci\u00f3n de cr\u00e9dito alternativa con nadie m\u00e1s. Esto todav\u00eda puede parecer complejo, por lo que un ejemplo suele ser la forma m\u00e1s f\u00e1cil de explicarlo.<\/p><ul><li>Usted va a recibir un cr\u00e9dito y\/u otro servicio financiero de una organizaci\u00f3n de su elecci\u00f3n (nuestro cliente).<\/li><li>Para poder prestarle un servicio financiero, la organizaci\u00f3n de su elecci\u00f3n tiene que evaluar su solvencia. \u00a0<\/li><li>A petici\u00f3n de nuestros clientes, Begini recopila metadatos espec\u00edficos de sus dispositivos m\u00f3viles (a trav\u00e9s de nuestros productos y servicios) y procesa estos datos con la tecnolog\u00eda propiedad de Begini.<\/li><li>Sus datos pueden recopilarse cuando utiliza la aplicaci\u00f3n m\u00f3vil de la organizaci\u00f3n de su elecci\u00f3n que ha incorporado la tecnolog\u00eda m\u00f3vil de Begini (Begini Mobile SDKs);:<\/li><li>Transmitimos su calificaci\u00f3n crediticia alternativa (pero en ning\u00fan caso sus datos personales) a la organizaci\u00f3n de su elecci\u00f3n (nuestro cliente).<\/li><li>La organizaci\u00f3n de su elecci\u00f3n (nuestro cliente) decide entonces c\u00f3mo responderle, por ejemplo, proporcion\u00e1ndole un servicio financiero espec\u00edfico (pr\u00e9stamo, tarjeta de cr\u00e9dito, etc.), rechazando su solicitud, etc. \u00a0<\/li><li>Begini no tiene visibilidad ni puede influir en el modo en que la organizaci\u00f3n de su elecci\u00f3n le responde.<\/li><\/ul><p>\u200d\u200dA continuaci\u00f3n se incluyen m\u00e1s ejemplos que describen por qu\u00e9 recopilamos sus datos personales.<\/p><p><strong>\u00bfQu\u00e9 datos recogemos y por qu\u00e9?<\/strong><\/p><p>Es muy sencillo. A diferencia de otras empresas, NO recopilamos datos que le identifiquen directamente, es decir, su nombre, n\u00famero de tel\u00e9fono o direcci\u00f3n de correo electr\u00f3nico. Mientras recopilamos sus datos para calcular su puntuaci\u00f3n de cr\u00e9dito alternativa, utilizamos los metadatos para proporcionar un perfil de riesgo segmentado, generar una informaci\u00f3n estad\u00edstica agregada y mejorar y administrar nuestros productos actuales y crear nuevos productos. Para proteger su identidad, tambi\u00e9n eliminamos todos los identificadores personales (si los hubiera) de los datos que recopilamos o agregamos y, al hacerlo, seudonimizamos la informaci\u00f3n que recopilamos. Cualquier informaci\u00f3n que produzcamos basada en los datos recopilados no puede someterse a ingenier\u00eda inversa para reproducir la informaci\u00f3n original recopilada. El tratamiento de la informaci\u00f3n se realiza en la tecnolog\u00eda m\u00f3vil de Begini (Begini Mobile SDKs). Las t\u00e9cnicas mencionadas contribuyen a mantener el anonimato y la seguridad de los datos que se env\u00edan a nuestros servidores y le permiten conservar la informaci\u00f3n sin procesar en su dispositivo.<\/p><p>La tecnolog\u00eda de Begini puede acceder a algunos o todos los datos siguientes (o similares) de su dispositivo m\u00f3vil (su huella digital):<\/p><ul><li>En el m\u00f3vil: contactos, calendarios, ubicaci\u00f3n y fotos;<\/li><\/ul><p>Aunque no podemos enumerar todos y cada uno de los tipos de datos que recopilamos, nuestra tecnolog\u00eda web s\u00f3lo recoge (y carga en nuestros servidores seguros) cierta informaci\u00f3n limitada. A continuaci\u00f3n hemos intentado ofrecerle una idea general de los tipos de datos que recopilamos y ejemplos que le ayudar\u00e1n a entender lo que queremos decir:<\/p><ul><li>Nuestra tecnolog\u00eda m\u00f3vil puede contar el n\u00famero de eventos de calendario programados y su marca de tiempo. Solo esta informaci\u00f3n se env\u00eda a nuestros servidores, NO los datos en bruto subyacentes.<\/li><li>Aunque nuestra tecnolog\u00eda m\u00f3vil puede escanear y procesar los contactos de su agenda en su dispositivo m\u00f3vil, los nombres y datos de contacto NO se env\u00edan a nuestros servidores.<\/li><li>Aunque nuestra tecnolog\u00eda m\u00f3vil puede escanear y procesar informaci\u00f3n sobre las fotos almacenadas en tu dispositivo m\u00f3vil, s\u00f3lo extraeremos informaci\u00f3n de geolocalizaci\u00f3n de los archivos de imagen. Tus fotos NO se env\u00edan a nuestros servidores.<\/li><\/ul><p>\u200d\u200dS\u00f3lo se acceder\u00e1 a su huella digital una vez, cuando solicite un servicio financiero espec\u00edfico (pr\u00e9stamo, tarjeta de cr\u00e9dito, etc.), y NO de forma persistente, NO en segundo plano, NO en primer plano. La informaci\u00f3n recopilada por nosotros es similar a los tipos de informaci\u00f3n capturados por las herramientas comunes de an\u00e1lisis web.<\/p><p>\u200d<strong>Nuestra base jur\u00eddica para el tratamiento de datos<\/strong><\/p><p>Recopilamos sus datos s\u00f3lo despu\u00e9s de haber recabado tambi\u00e9n su consentimiento para la recopilaci\u00f3n, uso o divulgaci\u00f3n, seg\u00fan sea el caso, de sus datos personales a trav\u00e9s de la organizaci\u00f3n con la que est\u00e1 interactuando (Begini Mobile SDKs). NO extraeremos ni procesaremos sus datos sin su consentimiento.<\/p><p>NO solicitamos sus datos a nuestros clientes (organizaciones con las que usted se ha comprometido) sin su consentimiento y NO los recopilamos ni procesamos sin su consentimiento. Nosotros o la organizaci\u00f3n con la que se ha comprometido tambi\u00e9n le pediremos que haga clic en un bot\u00f3n que dice \"S\u00ed, continuar con el an\u00e1lisis de cr\u00e9dito\", o similar, antes de comenzar una evaluaci\u00f3n de puntuaci\u00f3n de cr\u00e9dito en su dispositivo de tel\u00e9fono m\u00f3vil.<\/p><p>Puede estar seguro de que protegemos la informaci\u00f3n que recopilamos. Al utilizar nuestros productos o servicios, acepta que recopilemos, utilicemos y compartamos sus datos de acuerdo con este aviso de privacidad. Puede cambiar y revocar sus permisos de \"acceso a datos\" en cualquier momento mediante la configuraci\u00f3n de su tel\u00e9fono\/dispositivo.<\/p><p>\u200d<strong>\u00bfC\u00f3mo utilizamos sus datos?<\/strong><\/p><p>Utilizamos sus datos para evaluar su solvencia para un servicio de su elecci\u00f3n (pr\u00e9stamo, tarjeta de cr\u00e9dito, etc.) con la organizaci\u00f3n de su elecci\u00f3n (nuestro cliente). La organizaci\u00f3n de su elecci\u00f3n puede utilizar la evaluaci\u00f3n de Begini como parte de su proceso de decisi\u00f3n para concederle o no un pr\u00e9stamo u otro servicio financiero.<\/p><p>Tambi\u00e9n utilizamos sus datos para: -<\/p><ul><li>Obtener una evaluaci\u00f3n de su solvencia que incluya, entre otras cosas, una evaluaci\u00f3n de la probabilidad de incumplimiento de sus obligaciones en el marco de contratos de prestaci\u00f3n de servicios financieros;<\/li><li>Evaluar su inter\u00e9s por recibir servicios financieros mediante algoritmos y modelos matem\u00e1ticos.<\/li><\/ul><p>\u00a0<\/p><p><strong>\u00bfCon qui\u00e9n compartiremos sus datos?<\/strong><\/p><p>Como se explica m\u00e1s arriba en el apartado \"Qu\u00e9 hacemos\", los datos recogidos por nuestra tecnolog\u00eda NO se env\u00edan directamente a la organizaci\u00f3n de su elecci\u00f3n (nuestro cliente). La organizaci\u00f3n de su elecci\u00f3n recibe cierta informaci\u00f3n limitada seudonimizada sobre usted, incluido el resultado de su evaluaci\u00f3n de calificaci\u00f3n crediticia.<\/p><p>Es decir, compartimos el resultado de su evaluaci\u00f3n crediticia con la organizaci\u00f3n a la que solicita un servicio financiero. El resultado de su evaluaci\u00f3n crediticia que compartimos depende \u00fanicamente de su voluntad potencial de revelar su informaci\u00f3n para obtener los servicios que ha solicitado a la organizaci\u00f3n de su elecci\u00f3n. Tambi\u00e9n compartimos su disposici\u00f3n potencial a comunicarse directamente con la organizaci\u00f3n de su elecci\u00f3n, si \u00e9sta lo solicita. NO compartimos los datos brutos recogidos de usted con ninguna persona, incluida la organizaci\u00f3n.<\/p><p>Tambi\u00e9n podemos compartir sus datos de las siguientes formas: cuando lo exija la autoridad competente o sea necesario para cumplir un proceso legal v\u00e1lido; cuando sea necesario para proteger y defender los derechos o la propiedad de Begini, incluida la seguridad de nuestros productos y servicios; cuando sea necesario para proteger la seguridad personal, la propiedad u otros derechos del p\u00fablico, de Begini o de sus clientes o empleados; o en relaci\u00f3n con la venta de la totalidad o parte de nuestro negocio. Si participamos en una fusi\u00f3n, adquisici\u00f3n o venta de activos, respetaremos este aviso de privacidad, y se informar\u00e1 a los usuarios afectados si transferimos datos personales a un tercero o si, como consecuencia de ello, los datos personales pasan a estar sujetos a un aviso de privacidad diferente.<\/p><p><strong>\u00bfDurante cu\u00e1nto tiempo conservamos sus datos en nuestros productos y servicios?<\/strong><\/p><p>Conservamos los datos que recabamos de usted durante el tiempo necesario para cumplir la finalidad o finalidades espec\u00edficas para las que han sido recabados (por ejemplo, para prestar a nuestros clientes un servicio que usted ha solicitado). Tambi\u00e9n podemos conservarlos para cumplir nuestras obligaciones legales, resolver cualquier litigio y hacer valer nuestros derechos.<\/p><p>Una vez que la finalidad respectiva deje de aplicarse, suprimiremos o anonimizaremos los datos personales o, si esto no es posible (por ejemplo, porque sus datos personales se han almacenado en archivos de copia de seguridad), almacenaremos de forma segura sus datos y los aislaremos de cualquier tratamiento posterior hasta que sea posible su supresi\u00f3n.<\/p><p>Para implementar y mejorar la funcionalidad de la tecnolog\u00eda de Begini y actualizar las tarjetas de calificaci\u00f3n crediticia desarrolladas para nuestros clientes, conservaremos sus datos durante un m\u00e1ximo de 3 (tres) a\u00f1os, a menos que usted o la organizaci\u00f3n de su elecci\u00f3n (nuestro cliente) nos solicite que eliminemos sus datos en una fecha anterior.<\/p><p>Si tiene alguna pregunta o necesita m\u00e1s informaci\u00f3n sobre la duraci\u00f3n de la conservaci\u00f3n de sus datos, p\u00f3ngase en contacto con nosotros a trav\u00e9s de los datos que figuran a continuaci\u00f3n.<\/p><p><strong>C\u00f3mo ponerse en contacto con nosotros si no est\u00e1 satisfecho<\/strong><\/p><p>Somos conscientes de que en Begini puede que no siempre hagamos las cosas bien y es lamentable para nosotros como organizaci\u00f3n cuando recibimos una queja. Nos tomamos muy en serio todas las quejas y le aseguramos que haremos todo lo posible para obtener un resultado satisfactorio. Si desea presentar una queja sobre el uso que Begini hace de sus datos personales, escr\u00edbanos a: privacy_at_begini.co\u00a0<\/p><p>Tambi\u00e9n puede ponerse en contacto con nosotros por correo<\/p><p>Begini Ltd<br \/>6.5 Casa del Horno,<br \/>Pottergate,<br \/>Norwich NR2 1DX<\/p><p>\u200dBegini investigar\u00e1 su queja y tratar\u00e1 de responderle en un plazo de 10 d\u00edas laborables. Esto nos da tiempo para investigar a fondo su queja. \u00a0<\/p><p><strong>Su derecho a presentar una reclamaci\u00f3n ante la Autoridad Reguladora<\/strong><\/p><p>Si cree que Begini no se ha tomado en serio nuestra responsabilidad con sus datos, tiene derecho a presentar una reclamaci\u00f3n ante el organismo regulador de la protecci\u00f3n de datos en funci\u00f3n de su pa\u00eds de residencia.<\/p><p>\u200d<\/p><p>\u00a0<\/p><p>\u00a0<\/p>\t\t\t\t\t\t\t\t<\/div>\n\t\t\t\t<\/div>\n\t\t\t\t\t<\/div>\n\t\t<\/div>\n\t\t\t\t\t<\/div>\n\t\t<\/section>\n\t\t\t\t<\/div>","protected":false},"excerpt":{"rendered":"<p>Last updated: 26 May 2022 Device Data Privacy Policy General information and contact details Begini Ltd. (&#8220;Begini&#8220;, &#8220;we&#8220;, &#8220;us&#8221; or &#8220;our&#8220;) take the protection and security of your personal data very seriously. This privacy notice sets out the data we collect and process about you through our products and services, the purposes of the data [&hellip;]<\/p>\n","protected":false},"author":209526199,"featured_media":0,"parent":0,"menu_order":0,"comment_status":"closed","ping_status":"closed","template":"elementor_header_footer","meta":{"_coblocks_attr":"","_coblocks_dimensions":"","_coblocks_responsive_height":"","_coblocks_accordion_ie_support":"","content-type":"","footnotes":""},"class_list":["post-1498","page","type-page","status-publish","hentry"],"yoast_head":"<!-- This site is optimized with the Yoast SEO plugin v27.5 - https:\/\/yoast.com\/product\/yoast-seo-wordpress\/ -->\n<title>Mobile Privacy Policy - Begini<\/title>\n<meta name=\"robots\" content=\"noindex, nofollow\" \/>\n<meta property=\"og:locale\" content=\"es_ES\" \/>\n<meta property=\"og:type\" content=\"article\" \/>\n<meta property=\"og:title\" content=\"Mobile Privacy Policy - Begini\" \/>\n<meta property=\"og:description\" content=\"Last updated: 26 May 2022 Device Data Privacy Policy General information and contact details Begini Ltd. (&#8220;Begini&#8220;, &#8220;we&#8220;, &#8220;us&#8221; or &#8220;our&#8220;) take the protection and security of your personal data very seriously. This privacy notice sets out the data we collect and process about you through our products and services, the purposes of the data [&hellip;]\" \/>\n<meta property=\"og:url\" content=\"https:\/\/www.begini.co\/es\/mobile-privacy-policy\/\" \/>\n<meta property=\"og:site_name\" content=\"Begini\" \/>\n<meta property=\"article:modified_time\" content=\"2022-07-20T01:35:45+00:00\" \/>\n<meta name=\"twitter:card\" content=\"summary_large_image\" \/>\n<meta name=\"twitter:label1\" content=\"Tiempo de lectura\" \/>\n\t<meta name=\"twitter:data1\" content=\"9 minutos\" \/>\n<script type=\"application\/ld+json\" class=\"yoast-schema-graph\">{\"@context\":\"https:\\\/\\\/schema.org\",\"@graph\":[{\"@type\":\"WebPage\",\"@id\":\"https:\\\/\\\/www.begini.co\\\/mobile-privacy-policy\\\/\",\"url\":\"https:\\\/\\\/www.begini.co\\\/mobile-privacy-policy\\\/\",\"name\":\"Mobile Privacy Policy - Begini\",\"isPartOf\":{\"@id\":\"https:\\\/\\\/www.begini.co\\\/#website\"},\"datePublished\":\"2022-07-20T01:23:45+00:00\",\"dateModified\":\"2022-07-20T01:35:45+00:00\",\"breadcrumb\":{\"@id\":\"https:\\\/\\\/www.begini.co\\\/mobile-privacy-policy\\\/#breadcrumb\"},\"inLanguage\":\"es\",\"potentialAction\":[{\"@type\":\"ReadAction\",\"target\":[\"https:\\\/\\\/www.begini.co\\\/mobile-privacy-policy\\\/\"]}]},{\"@type\":\"BreadcrumbList\",\"@id\":\"https:\\\/\\\/www.begini.co\\\/mobile-privacy-policy\\\/#breadcrumb\",\"itemListElement\":[{\"@type\":\"ListItem\",\"position\":1,\"name\":\"Home\",\"item\":\"https:\\\/\\\/www.begini.co\\\/\"},{\"@type\":\"ListItem\",\"position\":2,\"name\":\"Mobile Privacy Policy\"}]},{\"@type\":\"WebSite\",\"@id\":\"https:\\\/\\\/www.begini.co\\\/#website\",\"url\":\"https:\\\/\\\/www.begini.co\\\/\",\"name\":\"Begini\",\"description\":\"Make Better Decisions\",\"publisher\":{\"@id\":\"https:\\\/\\\/www.begini.co\\\/#organization\"},\"potentialAction\":[{\"@type\":\"SearchAction\",\"target\":{\"@type\":\"EntryPoint\",\"urlTemplate\":\"https:\\\/\\\/www.begini.co\\\/?s={search_term_string}\"},\"query-input\":{\"@type\":\"PropertyValueSpecification\",\"valueRequired\":true,\"valueName\":\"search_term_string\"}}],\"inLanguage\":\"es\"},{\"@type\":\"Organization\",\"@id\":\"https:\\\/\\\/www.begini.co\\\/#organization\",\"name\":\"Begini\",\"url\":\"https:\\\/\\\/www.begini.co\\\/\",\"logo\":{\"@type\":\"ImageObject\",\"inLanguage\":\"es\",\"@id\":\"https:\\\/\\\/www.begini.co\\\/#\\\/schema\\\/logo\\\/image\\\/\",\"url\":\"https:\\\/\\\/i0.wp.com\\\/www.begini.co\\\/wp-content\\\/uploads\\\/2021\\\/11\\\/Begini-logo_full-colour.png?fit=1709%2C639&ssl=1\",\"contentUrl\":\"https:\\\/\\\/i0.wp.com\\\/www.begini.co\\\/wp-content\\\/uploads\\\/2021\\\/11\\\/Begini-logo_full-colour.png?fit=1709%2C639&ssl=1\",\"width\":1709,\"height\":639,\"caption\":\"Begini\"},\"image\":{\"@id\":\"https:\\\/\\\/www.begini.co\\\/#\\\/schema\\\/logo\\\/image\\\/\"},\"sameAs\":[\"https:\\\/\\\/www.linkedin.com\\\/company\\\/begini\\\/\"]}]}<\/script>\n<!-- \/ Yoast SEO plugin. -->","yoast_head_json":{"title":"Mobile Privacy Policy - Begini","robots":{"index":"noindex","follow":"nofollow"},"og_locale":"es_ES","og_type":"article","og_title":"Mobile Privacy Policy - Begini","og_description":"Last updated: 26 May 2022 Device Data Privacy Policy General information and contact details Begini Ltd. (&#8220;Begini&#8220;, &#8220;we&#8220;, &#8220;us&#8221; or &#8220;our&#8220;) take the protection and security of your personal data very seriously. This privacy notice sets out the data we collect and process about you through our products and services, the purposes of the data [&hellip;]","og_url":"https:\/\/www.begini.co\/es\/mobile-privacy-policy\/","og_site_name":"Begini","article_modified_time":"2022-07-20T01:35:45+00:00","twitter_card":"summary_large_image","twitter_misc":{"Tiempo de lectura":"9 minutos"},"schema":{"@context":"https:\/\/schema.org","@graph":[{"@type":"WebPage","@id":"https:\/\/www.begini.co\/mobile-privacy-policy\/","url":"https:\/\/www.begini.co\/mobile-privacy-policy\/","name":"Mobile Privacy Policy - Begini","isPartOf":{"@id":"https:\/\/www.begini.co\/#website"},"datePublished":"2022-07-20T01:23:45+00:00","dateModified":"2022-07-20T01:35:45+00:00","breadcrumb":{"@id":"https:\/\/www.begini.co\/mobile-privacy-policy\/#breadcrumb"},"inLanguage":"es","potentialAction":[{"@type":"ReadAction","target":["https:\/\/www.begini.co\/mobile-privacy-policy\/"]}]},{"@type":"BreadcrumbList","@id":"https:\/\/www.begini.co\/mobile-privacy-policy\/#breadcrumb","itemListElement":[{"@type":"ListItem","position":1,"name":"Home","item":"https:\/\/www.begini.co\/"},{"@type":"ListItem","position":2,"name":"Mobile Privacy Policy"}]},{"@type":"WebSite","@id":"https:\/\/www.begini.co\/#website","url":"https:\/\/www.begini.co\/","name":"Begini","description":"Tome mejores decisiones","publisher":{"@id":"https:\/\/www.begini.co\/#organization"},"potentialAction":[{"@type":"SearchAction","target":{"@type":"EntryPoint","urlTemplate":"https:\/\/www.begini.co\/?s={search_term_string}"},"query-input":{"@type":"PropertyValueSpecification","valueRequired":true,"valueName":"search_term_string"}}],"inLanguage":"es"},{"@type":"Organization","@id":"https:\/\/www.begini.co\/#organization","name":"Begini","url":"https:\/\/www.begini.co\/","logo":{"@type":"ImageObject","inLanguage":"es","@id":"https:\/\/www.begini.co\/#\/schema\/logo\/image\/","url":"https:\/\/i0.wp.com\/www.begini.co\/wp-content\/uploads\/2021\/11\/Begini-logo_full-colour.png?fit=1709%2C639&ssl=1","contentUrl":"https:\/\/i0.wp.com\/www.begini.co\/wp-content\/uploads\/2021\/11\/Begini-logo_full-colour.png?fit=1709%2C639&ssl=1","width":1709,"height":639,"caption":"Begini"},"image":{"@id":"https:\/\/www.begini.co\/#\/schema\/logo\/image\/"},"sameAs":["https:\/\/www.linkedin.com\/company\/begini\/"]}]}},"jetpack_likes_enabled":false,"jetpack_sharing_enabled":true,"jetpack_shortlink":"https:\/\/wp.me\/PdtDxH-oa","amp_enabled":false,"_links":{"self":[{"href":"https:\/\/www.begini.co\/es\/wp-json\/wp\/v2\/pages\/1498","targetHints":{"allow":["GET"]}}],"collection":[{"href":"https:\/\/www.begini.co\/es\/wp-json\/wp\/v2\/pages"}],"about":[{"href":"https:\/\/www.begini.co\/es\/wp-json\/wp\/v2\/types\/page"}],"author":[{"embeddable":true,"href":"https:\/\/www.begini.co\/es\/wp-json\/wp\/v2\/users\/209526199"}],"replies":[{"embeddable":true,"href":"https:\/\/www.begini.co\/es\/wp-json\/wp\/v2\/comments?post=1498"}],"version-history":[{"count":7,"href":"https:\/\/www.begini.co\/es\/wp-json\/wp\/v2\/pages\/1498\/revisions"}],"predecessor-version":[{"id":1506,"href":"https:\/\/www.begini.co\/es\/wp-json\/wp\/v2\/pages\/1498\/revisions\/1506"}],"wp:attachment":[{"href":"https:\/\/www.begini.co\/es\/wp-json\/wp\/v2\/media?parent=1498"}],"curies":[{"name":"wp","href":"https:\/\/api.w.org\/{rel}","templated":true}]}}