{"id":2144,"date":"2023-05-18T07:47:39","date_gmt":"2023-05-18T06:47:39","guid":{"rendered":"https:\/\/www.begini.co\/?page_id=2144"},"modified":"2023-05-22T06:59:44","modified_gmt":"2023-05-22T05:59:44","slug":"demo-title","status":"publish","type":"page","link":"https:\/\/www.begini.co\/es\/demo-title\/","title":{"rendered":"T\u00edtulo de la demo"},"content":{"rendered":"<div data-elementor-type=\"wp-page\" data-elementor-id=\"2144\" class=\"elementor elementor-2144\" data-elementor-post-type=\"page\">\n\t\t\t\t\t\t<section class=\"elementor-section elementor-top-section elementor-element elementor-element-cf8440c elementor-section-boxed elementor-section-height-default elementor-section-height-default\" data-id=\"cf8440c\" data-element_type=\"section\" data-e-type=\"section\" data-settings=\"{&quot;background_background&quot;:&quot;classic&quot;}\">\n\t\t\t\t\t\t<div class=\"elementor-container elementor-column-gap-default\">\n\t\t\t\t\t<div class=\"elementor-column elementor-col-100 elementor-top-column elementor-element elementor-element-9cedafd\" data-id=\"9cedafd\" data-element_type=\"column\" data-e-type=\"column\">\n\t\t\t<div class=\"elementor-widget-wrap elementor-element-populated\">\n\t\t\t\t\t\t<div class=\"elementor-element elementor-element-2b1b48f elementor-widget elementor-widget-spacer\" data-id=\"2b1b48f\" data-element_type=\"widget\" data-e-type=\"widget\" data-widget_type=\"spacer.default\">\n\t\t\t\t<div class=\"elementor-widget-container\">\n\t\t\t\t\t\t\t<div class=\"elementor-spacer\">\n\t\t\t<div class=\"elementor-spacer-inner\"><\/div>\n\t\t<\/div>\n\t\t\t\t\t\t<\/div>\n\t\t\t\t<\/div>\n\t\t\t\t\t<\/div>\n\t\t<\/div>\n\t\t\t\t\t<\/div>\n\t\t<\/section>\n\t\t\t\t<section class=\"elementor-section elementor-top-section elementor-element elementor-element-aa49784 elementor-section-height-min-height elementor-section-boxed elementor-section-height-default elementor-section-items-middle\" data-id=\"aa49784\" data-element_type=\"section\" data-e-type=\"section\" data-settings=\"{&quot;background_background&quot;:&quot;classic&quot;}\">\n\t\t\t\t\t\t<div class=\"elementor-container elementor-column-gap-default\">\n\t\t\t\t\t<div class=\"elementor-column elementor-col-100 elementor-top-column elementor-element elementor-element-486b546\" data-id=\"486b546\" data-element_type=\"column\" data-e-type=\"column\">\n\t\t\t<div class=\"elementor-widget-wrap elementor-element-populated\">\n\t\t\t\t\t\t<div class=\"elementor-element elementor-element-7097e77 elementor-widget elementor-widget-image\" data-id=\"7097e77\" data-element_type=\"widget\" data-e-type=\"widget\" data-widget_type=\"image.default\">\n\t\t\t\t<div class=\"elementor-widget-container\">\n\t\t\t\t\t\t\t\t\t\t\t\t\t\t\t<img data-recalc-dims=\"1\" decoding=\"async\" src=\"https:\/\/i0.wp.com\/www.begini.co\/wp-content\/uploads\/elementor\/thumbs\/Begini-logo_full-colour-pfghtzn9kh3qgoqkskx5w55umkb11waid84rik5wjk.png?w=800&#038;ssl=1\" title=\"Begini-logo_full-colour\" alt=\"Begini logo\" loading=\"lazy\" \/>\t\t\t\t\t\t\t\t\t\t\t\t\t\t\t<\/div>\n\t\t\t\t<\/div>\n\t\t\t\t\t<\/div>\n\t\t<\/div>\n\t\t\t\t\t<\/div>\n\t\t<\/section>\n\t\t\t\t<section class=\"elementor-section elementor-top-section elementor-element elementor-element-e773046 elementor-section-boxed elementor-section-height-default elementor-section-height-default\" data-id=\"e773046\" data-element_type=\"section\" data-e-type=\"section\" data-settings=\"{&quot;background_background&quot;:&quot;classic&quot;}\">\n\t\t\t\t\t\t<div class=\"elementor-container elementor-column-gap-default\">\n\t\t\t\t\t<div class=\"elementor-column elementor-col-50 elementor-top-column elementor-element elementor-element-feb3dda\" data-id=\"feb3dda\" data-element_type=\"column\" data-e-type=\"column\">\n\t\t\t<div class=\"elementor-widget-wrap elementor-element-populated\">\n\t\t\t\t\t\t<div class=\"elementor-element elementor-element-1def202 elementor-widget elementor-widget-heading\" data-id=\"1def202\" data-element_type=\"widget\" data-e-type=\"widget\" data-widget_type=\"heading.default\">\n\t\t\t\t<div class=\"elementor-widget-container\">\n\t\t\t\t\t<h1 class=\"elementor-heading-title elementor-size-xxl\">Encabezamiento Encabezamiento Encabezamiento<\/h1>\t\t\t\t<\/div>\n\t\t\t\t<\/div>\n\t\t\t\t<div class=\"elementor-element elementor-element-2b172b1 elementor-widget elementor-widget-spacer\" data-id=\"2b172b1\" data-element_type=\"widget\" data-e-type=\"widget\" data-widget_type=\"spacer.default\">\n\t\t\t\t<div class=\"elementor-widget-container\">\n\t\t\t\t\t\t\t<div class=\"elementor-spacer\">\n\t\t\t<div class=\"elementor-spacer-inner\"><\/div>\n\t\t<\/div>\n\t\t\t\t\t\t<\/div>\n\t\t\t\t<\/div>\n\t\t\t\t<div class=\"elementor-element elementor-element-9235c52 elementor-widget elementor-widget-text-editor\" data-id=\"9235c52\" data-element_type=\"widget\" data-e-type=\"widget\" data-widget_type=\"text-editor.default\">\n\t\t\t\t<div class=\"elementor-widget-container\">\n\t\t\t\t\t\t\t\t\t<p>El texto va aqu\u00ed. El texto va aqu\u00ed. El texto va aqu\u00ed. El texto va aqu\u00ed. El texto va aqu\u00ed.<\/p><p>El texto va aqu\u00ed. El texto va aqu\u00ed. El texto va aqu\u00ed. El texto va aqu\u00ed. El texto va aqu\u00ed.<\/p><p>\u00a0<\/p>\t\t\t\t\t\t\t\t<\/div>\n\t\t\t\t<\/div>\n\t\t\t\t<div class=\"elementor-element elementor-element-b710088 elementor-widget elementor-widget-button\" data-id=\"b710088\" data-element_type=\"widget\" data-e-type=\"widget\" data-widget_type=\"button.default\">\n\t\t\t\t<div class=\"elementor-widget-container\">\n\t\t\t\t\t\t\t\t\t<div class=\"elementor-button-wrapper\">\n\t\t\t\t\t<a class=\"elementor-button elementor-button-link elementor-size-lg\" href=\"#\">\n\t\t\t\t\t\t<span class=\"elementor-button-content-wrapper\">\n\t\t\t\t\t\t<span class=\"elementor-button-icon\">\n\t\t\t\t<i aria-hidden=\"true\" class=\"fas fa-chevron-right\"><\/i>\t\t\t<\/span>\n\t\t\t\t\t\t\t\t\t<span class=\"elementor-button-text\">Mu\u00e9strame<\/span>\n\t\t\t\t\t<\/span>\n\t\t\t\t\t<\/a>\n\t\t\t\t<\/div>\n\t\t\t\t\t\t\t\t<\/div>\n\t\t\t\t<\/div>\n\t\t\t\t\t<\/div>\n\t\t<\/div>\n\t\t\t\t<div class=\"elementor-column elementor-col-50 elementor-top-column elementor-element elementor-element-6eef21f\" data-id=\"6eef21f\" data-element_type=\"column\" data-e-type=\"column\">\n\t\t\t<div class=\"elementor-widget-wrap elementor-element-populated\">\n\t\t\t\t\t\t<div class=\"elementor-element elementor-element-7b0f116 elementor-widget elementor-widget-spacer\" data-id=\"7b0f116\" data-element_type=\"widget\" data-e-type=\"widget\" data-widget_type=\"spacer.default\">\n\t\t\t\t<div class=\"elementor-widget-container\">\n\t\t\t\t\t\t\t<div class=\"elementor-spacer\">\n\t\t\t<div class=\"elementor-spacer-inner\"><\/div>\n\t\t<\/div>\n\t\t\t\t\t\t<\/div>\n\t\t\t\t<\/div>\n\t\t\t\t<div class=\"elementor-element elementor-element-bce8ce3 elementor-widget elementor-widget-image\" data-id=\"bce8ce3\" data-element_type=\"widget\" data-e-type=\"widget\" data-widget_type=\"image.default\">\n\t\t\t\t<div class=\"elementor-widget-container\">\n\t\t\t\t\t\t\t\t\t\t\t\t\t\t\t<img fetchpriority=\"high\" decoding=\"async\" data-attachment-id=\"2166\" data-permalink=\"https:\/\/www.begini.co\/es\/demo-title\/demo-2\/\" data-orig-file=\"https:\/\/i0.wp.com\/www.begini.co\/wp-content\/uploads\/2023\/05\/Demo-e1684734174636.png?fit=1080%2C950&amp;ssl=1\" data-orig-size=\"1080,950\" data-comments-opened=\"1\" data-image-meta=\"{&quot;aperture&quot;:&quot;0&quot;,&quot;credit&quot;:&quot;&quot;,&quot;camera&quot;:&quot;&quot;,&quot;caption&quot;:&quot;&quot;,&quot;created_timestamp&quot;:&quot;0&quot;,&quot;copyright&quot;:&quot;&quot;,&quot;focal_length&quot;:&quot;0&quot;,&quot;iso&quot;:&quot;0&quot;,&quot;shutter_speed&quot;:&quot;0&quot;,&quot;title&quot;:&quot;&quot;,&quot;orientation&quot;:&quot;0&quot;}\" data-image-title=\"Demo\" data-image-description=\"\" data-image-caption=\"\" data-large-file=\"https:\/\/i0.wp.com\/www.begini.co\/wp-content\/uploads\/2023\/05\/Demo-e1684734174636.png?fit=800%2C704&amp;ssl=1\" width=\"800\" height=\"704\" src=\"https:\/\/i0.wp.com\/www.begini.co\/wp-content\/uploads\/2023\/05\/Demo-e1684734174636.png?fit=800%2C704&amp;ssl=1\" class=\"attachment-large size-large wp-image-2166\" alt=\"\" srcset=\"https:\/\/i0.wp.com\/www.begini.co\/wp-content\/uploads\/2023\/05\/Demo-e1684734174636.png?w=1080&amp;ssl=1 1080w, https:\/\/i0.wp.com\/www.begini.co\/wp-content\/uploads\/2023\/05\/Demo-e1684734174636.png?resize=300%2C264&amp;ssl=1 300w, https:\/\/i0.wp.com\/www.begini.co\/wp-content\/uploads\/2023\/05\/Demo-e1684734174636.png?resize=1024%2C901&amp;ssl=1 1024w, https:\/\/i0.wp.com\/www.begini.co\/wp-content\/uploads\/2023\/05\/Demo-e1684734174636.png?resize=768%2C676&amp;ssl=1 768w\" sizes=\"(max-width: 800px) 100vw, 800px\" \/>\t\t\t\t\t\t\t\t\t\t\t\t\t\t\t<\/div>\n\t\t\t\t<\/div>\n\t\t\t\t\t<\/div>\n\t\t<\/div>\n\t\t\t\t\t<\/div>\n\t\t<\/section>\n\t\t\t\t<section class=\"elementor-section elementor-top-section elementor-element elementor-element-fd1e82c elementor-section-boxed elementor-section-height-default elementor-section-height-default\" data-id=\"fd1e82c\" data-element_type=\"section\" data-e-type=\"section\" data-settings=\"{&quot;background_background&quot;:&quot;classic&quot;}\">\n\t\t\t\t\t\t<div class=\"elementor-container elementor-column-gap-default\">\n\t\t\t\t\t<div class=\"elementor-column elementor-col-100 elementor-top-column elementor-element elementor-element-b266b28\" data-id=\"b266b28\" data-element_type=\"column\" data-e-type=\"column\">\n\t\t\t<div class=\"elementor-widget-wrap elementor-element-populated\">\n\t\t\t\t\t\t<div class=\"elementor-element elementor-element-5424983 elementor-widget elementor-widget-spacer\" data-id=\"5424983\" data-element_type=\"widget\" data-e-type=\"widget\" data-widget_type=\"spacer.default\">\n\t\t\t\t<div class=\"elementor-widget-container\">\n\t\t\t\t\t\t\t<div class=\"elementor-spacer\">\n\t\t\t<div class=\"elementor-spacer-inner\"><\/div>\n\t\t<\/div>\n\t\t\t\t\t\t<\/div>\n\t\t\t\t<\/div>\n\t\t\t\t\t<\/div>\n\t\t<\/div>\n\t\t\t\t\t<\/div>\n\t\t<\/section>\n\t\t\t\t<\/div>","protected":false},"excerpt":{"rendered":"<p>Encabezado Encabezado El texto va aqu\u00ed. El texto va aqu\u00ed. El texto va aqu\u00ed. El texto va aqu\u00ed. El texto va aqu\u00ed. El texto va aqu\u00ed. El texto va aqu\u00ed. El texto va aqu\u00ed. El texto va aqu\u00ed. El texto va aqu\u00ed.   Mu\u00e9strame<\/p>","protected":false},"author":209526199,"featured_media":0,"parent":0,"menu_order":0,"comment_status":"closed","ping_status":"closed","template":"elementor_canvas","meta":{"_coblocks_attr":"","_coblocks_dimensions":"","_coblocks_responsive_height":"","_coblocks_accordion_ie_support":"","content-type":"","footnotes":""},"class_list":["post-2144","page","type-page","status-publish","hentry"],"yoast_head":"<!-- This site is optimized with the Yoast SEO plugin v27.6 - https:\/\/yoast.com\/product\/yoast-seo-wordpress\/ -->\n<title>Demo title - Begini<\/title>\n<meta name=\"robots\" content=\"index, follow, max-snippet:-1, max-image-preview:large, max-video-preview:-1\" \/>\n<link rel=\"canonical\" href=\"https:\/\/www.begini.co\/es\/demo-title\/\" \/>\n<meta property=\"og:locale\" content=\"es_ES\" \/>\n<meta property=\"og:type\" content=\"article\" \/>\n<meta property=\"og:title\" content=\"Demo title - Begini\" \/>\n<meta property=\"og:description\" content=\"Heading Heading Heading Text goes here. Text goes here. Text goes here. Text goes here.\u00a0Text goes here. Text goes here. Text goes here. Text goes here. Text goes here.\u00a0Text goes here. \u00a0 Show me\" \/>\n<meta property=\"og:url\" content=\"https:\/\/www.begini.co\/es\/demo-title\/\" \/>\n<meta property=\"og:site_name\" content=\"Begini\" \/>\n<meta property=\"article:modified_time\" content=\"2023-05-22T05:59:44+00:00\" \/>\n<meta property=\"og:image\" content=\"https:\/\/www.begini.co\/wp-content\/uploads\/elementor\/thumbs\/Begini-logo_full-colour-pfghtzn9kh3qgoqkskx5w55umkb11waid84rik5wjk.png\" \/>\n<meta name=\"twitter:card\" content=\"summary_large_image\" \/>\n<meta name=\"twitter:label1\" content=\"Tiempo de lectura\" \/>\n\t<meta name=\"twitter:data1\" content=\"1 minuto\" \/>\n<script type=\"application\/ld+json\" class=\"yoast-schema-graph\">{\"@context\":\"https:\\\/\\\/schema.org\",\"@graph\":[{\"@type\":\"WebPage\",\"@id\":\"https:\\\/\\\/www.begini.co\\\/demo-title\\\/\",\"url\":\"https:\\\/\\\/www.begini.co\\\/demo-title\\\/\",\"name\":\"Demo title - Begini\",\"isPartOf\":{\"@id\":\"https:\\\/\\\/www.begini.co\\\/#website\"},\"primaryImageOfPage\":{\"@id\":\"https:\\\/\\\/www.begini.co\\\/demo-title\\\/#primaryimage\"},\"image\":{\"@id\":\"https:\\\/\\\/www.begini.co\\\/demo-title\\\/#primaryimage\"},\"thumbnailUrl\":\"https:\\\/\\\/www.begini.co\\\/wp-content\\\/uploads\\\/elementor\\\/thumbs\\\/Begini-logo_full-colour-pfghtzn9kh3qgoqkskx5w55umkb11waid84rik5wjk.png\",\"datePublished\":\"2023-05-18T06:47:39+00:00\",\"dateModified\":\"2023-05-22T05:59:44+00:00\",\"breadcrumb\":{\"@id\":\"https:\\\/\\\/www.begini.co\\\/demo-title\\\/#breadcrumb\"},\"inLanguage\":\"es\",\"potentialAction\":[{\"@type\":\"ReadAction\",\"target\":[\"https:\\\/\\\/www.begini.co\\\/demo-title\\\/\"]}]},{\"@type\":\"ImageObject\",\"inLanguage\":\"es\",\"@id\":\"https:\\\/\\\/www.begini.co\\\/demo-title\\\/#primaryimage\",\"url\":\"https:\\\/\\\/www.begini.co\\\/wp-content\\\/uploads\\\/elementor\\\/thumbs\\\/Begini-logo_full-colour-pfghtzn9kh3qgoqkskx5w55umkb11waid84rik5wjk.png\",\"contentUrl\":\"https:\\\/\\\/www.begini.co\\\/wp-content\\\/uploads\\\/elementor\\\/thumbs\\\/Begini-logo_full-colour-pfghtzn9kh3qgoqkskx5w55umkb11waid84rik5wjk.png\"},{\"@type\":\"BreadcrumbList\",\"@id\":\"https:\\\/\\\/www.begini.co\\\/demo-title\\\/#breadcrumb\",\"itemListElement\":[{\"@type\":\"ListItem\",\"position\":1,\"name\":\"Home\",\"item\":\"https:\\\/\\\/www.begini.co\\\/\"},{\"@type\":\"ListItem\",\"position\":2,\"name\":\"Demo title\"}]},{\"@type\":\"WebSite\",\"@id\":\"https:\\\/\\\/www.begini.co\\\/#website\",\"url\":\"https:\\\/\\\/www.begini.co\\\/\",\"name\":\"Begini\",\"description\":\"Make Better Decisions\",\"publisher\":{\"@id\":\"https:\\\/\\\/www.begini.co\\\/#organization\"},\"potentialAction\":[{\"@type\":\"SearchAction\",\"target\":{\"@type\":\"EntryPoint\",\"urlTemplate\":\"https:\\\/\\\/www.begini.co\\\/?s={search_term_string}\"},\"query-input\":{\"@type\":\"PropertyValueSpecification\",\"valueRequired\":true,\"valueName\":\"search_term_string\"}}],\"inLanguage\":\"es\"},{\"@type\":\"Organization\",\"@id\":\"https:\\\/\\\/www.begini.co\\\/#organization\",\"name\":\"Begini\",\"url\":\"https:\\\/\\\/www.begini.co\\\/\",\"logo\":{\"@type\":\"ImageObject\",\"inLanguage\":\"es\",\"@id\":\"https:\\\/\\\/www.begini.co\\\/#\\\/schema\\\/logo\\\/image\\\/\",\"url\":\"https:\\\/\\\/i0.wp.com\\\/www.begini.co\\\/wp-content\\\/uploads\\\/2021\\\/11\\\/Begini-logo_full-colour.png?fit=1709%2C639&ssl=1\",\"contentUrl\":\"https:\\\/\\\/i0.wp.com\\\/www.begini.co\\\/wp-content\\\/uploads\\\/2021\\\/11\\\/Begini-logo_full-colour.png?fit=1709%2C639&ssl=1\",\"width\":1709,\"height\":639,\"caption\":\"Begini\"},\"image\":{\"@id\":\"https:\\\/\\\/www.begini.co\\\/#\\\/schema\\\/logo\\\/image\\\/\"},\"sameAs\":[\"https:\\\/\\\/www.linkedin.com\\\/company\\\/begini\\\/\"]}]}<\/script>\n<!-- \/ Yoast SEO plugin. -->","yoast_head_json":{"title":"T\u00edtulo de demostraci\u00f3n - Begini","robots":{"index":"index","follow":"follow","max-snippet":"max-snippet:-1","max-image-preview":"max-image-preview:large","max-video-preview":"max-video-preview:-1"},"canonical":"https:\/\/www.begini.co\/es\/demo-title\/","og_locale":"es_ES","og_type":"article","og_title":"Demo title - Begini","og_description":"Heading Heading Heading Text goes here. Text goes here. Text goes here. Text goes here.\u00a0Text goes here. Text goes here. Text goes here. Text goes here. Text goes here.\u00a0Text goes here. \u00a0 Show me","og_url":"https:\/\/www.begini.co\/es\/demo-title\/","og_site_name":"Begini","article_modified_time":"2023-05-22T05:59:44+00:00","og_image":[{"url":"https:\/\/www.begini.co\/wp-content\/uploads\/elementor\/thumbs\/Begini-logo_full-colour-pfghtzn9kh3qgoqkskx5w55umkb11waid84rik5wjk.png","type":"","width":"","height":""}],"twitter_card":"summary_large_image","twitter_misc":{"Tiempo de lectura":"1 minuto"},"schema":{"@context":"https:\/\/schema.org","@graph":[{"@type":"WebPage","@id":"https:\/\/www.begini.co\/demo-title\/","url":"https:\/\/www.begini.co\/demo-title\/","name":"T\u00edtulo de demostraci\u00f3n - Begini","isPartOf":{"@id":"https:\/\/www.begini.co\/#website"},"primaryImageOfPage":{"@id":"https:\/\/www.begini.co\/demo-title\/#primaryimage"},"image":{"@id":"https:\/\/www.begini.co\/demo-title\/#primaryimage"},"thumbnailUrl":"https:\/\/www.begini.co\/wp-content\/uploads\/elementor\/thumbs\/Begini-logo_full-colour-pfghtzn9kh3qgoqkskx5w55umkb11waid84rik5wjk.png","datePublished":"2023-05-18T06:47:39+00:00","dateModified":"2023-05-22T05:59:44+00:00","breadcrumb":{"@id":"https:\/\/www.begini.co\/demo-title\/#breadcrumb"},"inLanguage":"es","potentialAction":[{"@type":"ReadAction","target":["https:\/\/www.begini.co\/demo-title\/"]}]},{"@type":"ImageObject","inLanguage":"es","@id":"https:\/\/www.begini.co\/demo-title\/#primaryimage","url":"https:\/\/www.begini.co\/wp-content\/uploads\/elementor\/thumbs\/Begini-logo_full-colour-pfghtzn9kh3qgoqkskx5w55umkb11waid84rik5wjk.png","contentUrl":"https:\/\/www.begini.co\/wp-content\/uploads\/elementor\/thumbs\/Begini-logo_full-colour-pfghtzn9kh3qgoqkskx5w55umkb11waid84rik5wjk.png"},{"@type":"BreadcrumbList","@id":"https:\/\/www.begini.co\/demo-title\/#breadcrumb","itemListElement":[{"@type":"ListItem","position":1,"name":"Home","item":"https:\/\/www.begini.co\/"},{"@type":"ListItem","position":2,"name":"Demo title"}]},{"@type":"WebSite","@id":"https:\/\/www.begini.co\/#website","url":"https:\/\/www.begini.co\/","name":"Begini","description":"Tome mejores decisiones","publisher":{"@id":"https:\/\/www.begini.co\/#organization"},"potentialAction":[{"@type":"SearchAction","target":{"@type":"EntryPoint","urlTemplate":"https:\/\/www.begini.co\/?s={search_term_string}"},"query-input":{"@type":"PropertyValueSpecification","valueRequired":true,"valueName":"search_term_string"}}],"inLanguage":"es"},{"@type":"Organization","@id":"https:\/\/www.begini.co\/#organization","name":"Begini","url":"https:\/\/www.begini.co\/","logo":{"@type":"ImageObject","inLanguage":"es","@id":"https:\/\/www.begini.co\/#\/schema\/logo\/image\/","url":"https:\/\/i0.wp.com\/www.begini.co\/wp-content\/uploads\/2021\/11\/Begini-logo_full-colour.png?fit=1709%2C639&ssl=1","contentUrl":"https:\/\/i0.wp.com\/www.begini.co\/wp-content\/uploads\/2021\/11\/Begini-logo_full-colour.png?fit=1709%2C639&ssl=1","width":1709,"height":639,"caption":"Begini"},"image":{"@id":"https:\/\/www.begini.co\/#\/schema\/logo\/image\/"},"sameAs":["https:\/\/www.linkedin.com\/company\/begini\/"]}]}},"jetpack_likes_enabled":false,"jetpack_sharing_enabled":true,"jetpack_shortlink":"https:\/\/wp.me\/PdtDxH-yA","amp_enabled":false,"_links":{"self":[{"href":"https:\/\/www.begini.co\/es\/wp-json\/wp\/v2\/pages\/2144","targetHints":{"allow":["GET"]}}],"collection":[{"href":"https:\/\/www.begini.co\/es\/wp-json\/wp\/v2\/pages"}],"about":[{"href":"https:\/\/www.begini.co\/es\/wp-json\/wp\/v2\/types\/page"}],"author":[{"embeddable":true,"href":"https:\/\/www.begini.co\/es\/wp-json\/wp\/v2\/users\/209526199"}],"replies":[{"embeddable":true,"href":"https:\/\/www.begini.co\/es\/wp-json\/wp\/v2\/comments?post=2144"}],"version-history":[{"count":29,"href":"https:\/\/www.begini.co\/es\/wp-json\/wp\/v2\/pages\/2144\/revisions"}],"predecessor-version":[{"id":2178,"href":"https:\/\/www.begini.co\/es\/wp-json\/wp\/v2\/pages\/2144\/revisions\/2178"}],"wp:attachment":[{"href":"https:\/\/www.begini.co\/es\/wp-json\/wp\/v2\/media?parent=2144"}],"curies":[{"name":"wp","href":"https:\/\/api.w.org\/{rel}","templated":true}]}}