{"id":3337,"date":"2025-05-13T16:05:10","date_gmt":"2025-05-13T06:05:10","guid":{"rendered":"https:\/\/www.begini.co\/?page_id=3337"},"modified":"2025-05-13T16:32:36","modified_gmt":"2025-05-13T06:32:36","slug":"company-news","status":"publish","type":"page","link":"https:\/\/www.begini.co\/es\/company-news\/","title":{"rendered":"Noticias de empresa"},"content":{"rendered":"<div data-elementor-type=\"wp-page\" data-elementor-id=\"3337\" class=\"elementor elementor-3337\" data-elementor-post-type=\"page\">\n\t\t\t\t\t\t<section class=\"elementor-section elementor-top-section elementor-element elementor-element-a4067b5 elementor-section-boxed elementor-section-height-default elementor-section-height-default\" data-id=\"a4067b5\" data-element_type=\"section\" data-e-type=\"section\" data-settings=\"{&quot;background_background&quot;:&quot;classic&quot;}\">\n\t\t\t\t\t\t<div class=\"elementor-container elementor-column-gap-default\">\n\t\t\t\t\t<div class=\"elementor-column elementor-col-100 elementor-top-column elementor-element elementor-element-a6a9fd7\" data-id=\"a6a9fd7\" data-element_type=\"column\" data-e-type=\"column\">\n\t\t\t<div class=\"elementor-widget-wrap elementor-element-populated\">\n\t\t\t\t\t\t<div class=\"elementor-element elementor-element-7a19f6f elementor-widget elementor-widget-spacer\" data-id=\"7a19f6f\" data-element_type=\"widget\" data-e-type=\"widget\" data-widget_type=\"spacer.default\">\n\t\t\t\t<div class=\"elementor-widget-container\">\n\t\t\t\t\t\t\t<div class=\"elementor-spacer\">\n\t\t\t<div class=\"elementor-spacer-inner\"><\/div>\n\t\t<\/div>\n\t\t\t\t\t\t<\/div>\n\t\t\t\t<\/div>\n\t\t\t\t<div class=\"elementor-element elementor-element-f6f5b05 elementor-widget elementor-widget-heading\" data-id=\"f6f5b05\" data-element_type=\"widget\" data-e-type=\"widget\" data-widget_type=\"heading.default\">\n\t\t\t\t<div class=\"elementor-widget-container\">\n\t\t\t\t\t<h1 class=\"elementor-heading-title elementor-size-default\">Noticias de empresa<\/h1>\t\t\t\t<\/div>\n\t\t\t\t<\/div>\n\t\t\t\t<div class=\"elementor-element elementor-element-2d4d694 elementor-widget__width-initial elementor-widget elementor-widget-heading\" data-id=\"2d4d694\" data-element_type=\"widget\" data-e-type=\"widget\" data-widget_type=\"heading.default\">\n\t\t\t\t<div class=\"elementor-widget-container\">\n\t\t\t\t\t<h3 class=\"elementor-heading-title elementor-size-default\">Mant\u00e9ngase informado con las \u00faltimas actualizaciones de Begini. Desde anuncios de asociaciones e innovaciones de productos hasta informaci\u00f3n sobre c\u00f3mo estamos impulsando la inclusi\u00f3n financiera a trav\u00e9s de la calificaci\u00f3n crediticia con datos alternativos, aqu\u00ed es donde encontrar\u00e1 las noticias que importan. <\/h3>\t\t\t\t<\/div>\n\t\t\t\t<\/div>\n\t\t\t\t<div class=\"elementor-element elementor-element-a4f5e4a elementor-widget elementor-widget-spacer\" data-id=\"a4f5e4a\" data-element_type=\"widget\" data-e-type=\"widget\" data-widget_type=\"spacer.default\">\n\t\t\t\t<div class=\"elementor-widget-container\">\n\t\t\t\t\t\t\t<div class=\"elementor-spacer\">\n\t\t\t<div class=\"elementor-spacer-inner\"><\/div>\n\t\t<\/div>\n\t\t\t\t\t\t<\/div>\n\t\t\t\t<\/div>\n\t\t\t\t\t<\/div>\n\t\t<\/div>\n\t\t\t\t\t<\/div>\n\t\t<\/section>\n\t\t<div class=\"elementor-element elementor-element-388259e e-flex e-con-boxed e-con e-parent\" data-id=\"388259e\" data-element_type=\"container\" data-e-type=\"container\">\n\t\t\t\t\t<div class=\"e-con-inner\">\n\t\t\t\t<div class=\"elementor-element elementor-element-016dd7b elementor-grid-1 elementor-posts--thumbnail-none elementor-grid-tablet-2 elementor-grid-mobile-1 elementor-card-shadow-yes elementor-posts__hover-gradient elementor-widget elementor-widget-posts\" data-id=\"016dd7b\" data-element_type=\"widget\" data-e-type=\"widget\" data-settings=\"{&quot;cards_columns&quot;:&quot;1&quot;,&quot;cards_columns_tablet&quot;:&quot;2&quot;,&quot;cards_columns_mobile&quot;:&quot;1&quot;,&quot;cards_row_gap&quot;:{&quot;unit&quot;:&quot;px&quot;,&quot;size&quot;:35,&quot;sizes&quot;:[]},&quot;cards_row_gap_tablet&quot;:{&quot;unit&quot;:&quot;px&quot;,&quot;size&quot;:&quot;&quot;,&quot;sizes&quot;:[]},&quot;cards_row_gap_mobile&quot;:{&quot;unit&quot;:&quot;px&quot;,&quot;size&quot;:&quot;&quot;,&quot;sizes&quot;:[]}}\" data-widget_type=\"posts.cards\">\n\t\t\t\t<div class=\"elementor-widget-container\">\n\t\t\t\t\t\t\t<div class=\"elementor-posts-container elementor-posts elementor-posts--skin-cards elementor-grid\" role=\"list\">\n\t\t\t\t<article class=\"elementor-post elementor-grid-item post-3839 post type-post status-publish format-standard has-post-thumbnail hentry category-alternative-data category-company-news category-credit-scores category-financial-inclusion tag-credit-inclusion tag-credit-score tag-msme tag-psychometrics tag-sme tag-unbanked\" role=\"listitem\">\n\t\t\t<div class=\"elementor-post__card\">\n\t\t\t\t<div class=\"elementor-post__text\">\n\t\t\t\t<h3 class=\"elementor-post__title\">\n\t\t\t<a href=\"https:\/\/www.begini.co\/es\/why-credit-history-alone-fails\/\" >\n\t\t\t\tPor qu\u00e9 el historial crediticio por s\u00ed solo fracasa en econom\u00edas informales\t\t\t<\/a>\n\t\t<\/h3>\n\t\t\t\t<div class=\"elementor-post__excerpt\">\n\t\t\t<p>Por qu\u00e9 el historial crediticio por s\u00ed solo fracasa en las econom\u00edas informales En gran parte de Am\u00e9rica Latina, los prestamistas se enfrentan a un dilema familiar: fuerte demanda de cr\u00e9dito, pero informaci\u00f3n limitada para evaluarla.  Millones de particulares y peque\u00f1as empresas operan fuera del sistema financiero formal. Comercian a diario, generan ingresos y pagan obligaciones, pero permanecen invisibles o<\/p>\n\t\t<\/div>\n\t\t\n\t\t<a class=\"elementor-post__read-more\" href=\"https:\/\/www.begini.co\/es\/why-credit-history-alone-fails\/\" aria-label=\"M\u00e1s informaci\u00f3n sobre Por qu\u00e9 el historial crediticio fracasa por s\u00ed solo en las econom\u00edas informales\" tabindex=\"-1\" >\n\t\t\tLeer M\u00e1s \"\t\t<\/a>\n\n\t\t\t\t<\/div>\n\t\t\t\t<div class=\"elementor-post__meta-data\">\n\t\t\t\t\t<span class=\"elementor-post-date\">\n\t\t\t27 enero 2026\t\t<\/span>\n\t\t\t\t<\/div>\n\t\t\t\t\t<\/div>\n\t\t<\/article>\n\t\t\t\t<article class=\"elementor-post elementor-grid-item post-3734 post type-post status-publish format-standard has-post-thumbnail hentry category-alternative-data category-company-news category-credit-scores category-financial-inclusion tag-credit-inclusion tag-credit-score tag-msme tag-psychometrics tag-sme tag-unbanked\" role=\"listitem\">\n\t\t\t<div class=\"elementor-post__card\">\n\t\t\t\t<div class=\"elementor-post__text\">\n\t\t\t\t<h3 class=\"elementor-post__title\">\n\t\t\t<a href=\"https:\/\/www.begini.co\/es\/finalco-adopts-beginis-behavioural-insights\/\" >\n\t\t\t\tFinalco y Begini ampl\u00edan el cr\u00e9dito justo en Colombia\t\t\t<\/a>\n\t\t<\/h3>\n\t\t\t\t<div class=\"elementor-post__excerpt\">\n\t\t\t<p>Finalco adopta los conocimientos conductuales de Begini para ampliar el acceso al cr\u00e9dito en toda Colombia https:\/\/youtu.be\/8oCoCJjyBp8?si=UNEqQHaoM-JfTfi5 Las herramientas psicom\u00e9tricas impulsadas por IA apoyan la misi\u00f3n de Finalco de ofrecer primeras y segundas oportunidades, haciendo de la inclusi\u00f3n financiera una realidad para todos EN COLOMBIA. Finalco, una fintech colombiana que redefine el acceso al cr\u00e9dito inclusivo, ha adoptado la tecnolog\u00eda de datos conductuales de Begini para mejorar su capacidad de evaluar el cr\u00e9dito<\/p>\n\t\t<\/div>\n\t\t\n\t\t<a class=\"elementor-post__read-more\" href=\"https:\/\/www.begini.co\/es\/finalco-adopts-beginis-behavioural-insights\/\" aria-label=\"M\u00e1s informaci\u00f3n sobre Finalco y Begini ampl\u00edan el cr\u00e9dito justo en Colombia\" tabindex=\"-1\" >\n\t\t\tLeer M\u00e1s \"\t\t<\/a>\n\n\t\t\t\t<\/div>\n\t\t\t\t<div class=\"elementor-post__meta-data\">\n\t\t\t\t\t<span class=\"elementor-post-date\">\n\t\t\t6 noviembre 2025\t\t<\/span>\n\t\t\t\t<\/div>\n\t\t\t\t\t<\/div>\n\t\t<\/article>\n\t\t\t\t<article class=\"elementor-post elementor-grid-item post-3716 post type-post status-publish format-standard has-post-thumbnail hentry category-alternative-data category-company-news category-credit-scores category-financial-inclusion tag-credit-inclusion tag-credit-score tag-pakistan tag-psychometrics tag-unbanked\" role=\"listitem\">\n\t\t\t<div class=\"elementor-post__card\">\n\t\t\t\t<div class=\"elementor-post__text\">\n\t\t\t\t<h3 class=\"elementor-post__title\">\n\t\t\t<a href=\"https:\/\/www.begini.co\/es\/begini-and-bank-of-punjab-join-forces-to-scale-ai-powered-financial-inclusion\/\" >\n\t\t\t\tBegini y Bank of Punjab unen sus fuerzas para ampliar la inclusi\u00f3n financiera impulsada por la IA\t\t\t<\/a>\n\t\t<\/h3>\n\t\t\t\t<div class=\"elementor-post__excerpt\">\n\t\t\t<p>Begini y el Banco de Punjab unen fuerzas para ampliar la inclusi\u00f3n financiera impulsada por IA Begini Ltd., l\u00edder brit\u00e1nico en an\u00e1lisis de comportamiento impulsado por IA, ha anunciado una asociaci\u00f3n hist\u00f3rica con el Banco de Punjab (BOP) para ofrecer una inclusi\u00f3n financiera escalable e impulsada por datos en Pakist\u00e1n y m\u00e1s all\u00e1.  La colaboraci\u00f3n se basa en iniciativas conjuntas anteriores entre<\/p>\n\t\t<\/div>\n\t\t\n\t\t<a class=\"elementor-post__read-more\" href=\"https:\/\/www.begini.co\/es\/begini-and-bank-of-punjab-join-forces-to-scale-ai-powered-financial-inclusion\/\" aria-label=\"M\u00e1s informaci\u00f3n sobre Begini y Bank of Punjab unen sus fuerzas para ampliar la inclusi\u00f3n financiera impulsada por la IA\" tabindex=\"-1\" >\n\t\t\tLeer M\u00e1s \"\t\t<\/a>\n\n\t\t\t\t<\/div>\n\t\t\t\t<div class=\"elementor-post__meta-data\">\n\t\t\t\t\t<span class=\"elementor-post-date\">\n\t\t\t29 octubre 2025\t\t<\/span>\n\t\t\t\t<\/div>\n\t\t\t\t\t<\/div>\n\t\t<\/article>\n\t\t\t\t<article class=\"elementor-post elementor-grid-item post-3665 post type-post status-publish format-standard has-post-thumbnail hentry category-alternative-data category-company-news category-credit-scores category-financial-inclusion tag-credit-inclusion tag-credit-score tag-msme tag-psychometrics tag-sme tag-unbanked\" role=\"listitem\">\n\t\t\t<div class=\"elementor-post__card\">\n\t\t\t\t<div class=\"elementor-post__text\">\n\t\t\t\t<h3 class=\"elementor-post__title\">\n\t\t\t<a href=\"https:\/\/www.begini.co\/es\/webinar-beyond-the-credit-score\/\" >\n\t\t\t\tWebinar: M\u00e1s all\u00e1 de la puntuaci\u00f3n de cr\u00e9dito: Psicometr\u00eda, comportamiento e IA en los pr\u00e9stamos modernos\t\t\t<\/a>\n\t\t<\/h3>\n\t\t\t\t<div class=\"elementor-post__excerpt\">\n\t\t\t<p>M\u00e1s all\u00e1 de la puntuaci\u00f3n de cr\u00e9dito: Psicometr\u00eda, comportamiento e inteligencia artificial en los pr\u00e9stamos modernos. Los modelos tradicionales de calificaci\u00f3n crediticia est\u00e1n dejando atr\u00e1s a millones de personas, especialmente en los mercados emergentes y digitales. En este seminario web, exploraremos un enfoque m\u00e1s inteligente y justo del cr\u00e9dito.<\/p>\n\t\t<\/div>\n\t\t\n\t\t<a class=\"elementor-post__read-more\" href=\"https:\/\/www.begini.co\/es\/webinar-beyond-the-credit-score\/\" aria-label=\"M\u00e1s informaci\u00f3n sobre Webinar: M\u00e1s all\u00e1 de la puntuaci\u00f3n de cr\u00e9dito: Psicometr\u00eda, comportamiento e IA en los pr\u00e9stamos modernos\" tabindex=\"-1\" >\n\t\t\tLeer M\u00e1s \"\t\t<\/a>\n\n\t\t\t\t<\/div>\n\t\t\t\t<div class=\"elementor-post__meta-data\">\n\t\t\t\t\t<span class=\"elementor-post-date\">\n\t\t\t13 octubre 2025\t\t<\/span>\n\t\t\t\t<\/div>\n\t\t\t\t\t<\/div>\n\t\t<\/article>\n\t\t\t\t<article class=\"elementor-post elementor-grid-item post-3448 post type-post status-publish format-standard has-post-thumbnail hentry category-alternative-data category-company-news category-credit-scores category-financial-inclusion tag-credit-inclusion tag-credit-score tag-msme tag-psychometrics tag-sme tag-unbanked\" role=\"listitem\">\n\t\t\t<div class=\"elementor-post__card\">\n\t\t\t\t<div class=\"elementor-post__text\">\n\t\t\t\t<h3 class=\"elementor-post__title\">\n\t\t\t<a href=\"https:\/\/www.begini.co\/es\/duppla-drives-financial-inclusion-in-colombia-with-beginis-behavioural-data-technology\/\" >\n\t\t\t\tDuppla impulsa la inclusi\u00f3n financiera en Colombia con la tecnolog\u00eda de datos conductuales de Begini\u00a0\t\t\t<\/a>\n\t\t<\/h3>\n\t\t\t\t<div class=\"elementor-post__excerpt\">\n\t\t\t<p>Duppla impulsa la inclusi\u00f3n financiera en Colombia con la tecnolog\u00eda de datos de comportamiento de Begini La integraci\u00f3n en un d\u00eda, la cumplimentaci\u00f3n de solicitudes en 93% y un conocimiento m\u00e1s profundo del cliente redefinen la suscripci\u00f3n para mercados desatendidos Duppla, una startup PropTech colombiana l\u00edder en su misi\u00f3n de desbloquear la propiedad de la vivienda para familias desatendidas, ha implementado con \u00e9xito la tecnolog\u00eda de datos de comportamiento de Begini para acelerar su<\/p>\n\t\t<\/div>\n\t\t\n\t\t<a class=\"elementor-post__read-more\" href=\"https:\/\/www.begini.co\/es\/duppla-drives-financial-inclusion-in-colombia-with-beginis-behavioural-data-technology\/\" aria-label=\"M\u00e1s informaci\u00f3n sobre Duppla impulsa la inclusi\u00f3n financiera en Colombia con la tecnolog\u00eda de datos de comportamiento de Begini\u00a0\" tabindex=\"-1\" >\n\t\t\tLeer M\u00e1s \"\t\t<\/a>\n\n\t\t\t\t<\/div>\n\t\t\t\t<div class=\"elementor-post__meta-data\">\n\t\t\t\t\t<span class=\"elementor-post-date\">\n\t\t\t25 de junio de 2025\t\t<\/span>\n\t\t\t\t<\/div>\n\t\t\t\t\t<\/div>\n\t\t<\/article>\n\t\t\t\t<article class=\"elementor-post elementor-grid-item post-3391 post type-post status-publish format-standard has-post-thumbnail hentry category-alternative-data category-company-news category-credit-scores category-financial-inclusion tag-credit-inclusion tag-credit-score tag-msme tag-psychometrics tag-sme tag-unbanked\" role=\"listitem\">\n\t\t\t<div class=\"elementor-post__card\">\n\t\t\t\t<div class=\"elementor-post__text\">\n\t\t\t\t<h3 class=\"elementor-post__title\">\n\t\t\t<a href=\"https:\/\/www.begini.co\/es\/microsmart-and-begini-partner-to-boost-microfinance-access-for-greek-msmes\/\" >\n\t\t\t\tMicrosmart y Begini se asocian para impulsar el acceso a la micro financiaci\u00f3n de las MiPyme griegas\u00a0\t\t\t<\/a>\n\t\t<\/h3>\n\t\t\t\t<div class=\"elementor-post__excerpt\">\n\t\t\t<p>Microsmart y Begini se asocian para impulsar el acceso a la microfinanciaci\u00f3n de las mipymes griegas Londres, Reino Unido | 27 de mayo de 2025 - Microsmart SA, la primera instituci\u00f3n de microfinanciaci\u00f3n descentralizada de Grecia, se ha asociado con Begini, una empresa fintech de datos alternativos, para desbloquear una financiaci\u00f3n r\u00e1pida, justa y accesible para las microempresas y las peque\u00f1as empresas de todo el pa\u00eds. Con las mipymes haciendo<\/p>\n\t\t<\/div>\n\t\t\n\t\t<a class=\"elementor-post__read-more\" href=\"https:\/\/www.begini.co\/es\/microsmart-and-begini-partner-to-boost-microfinance-access-for-greek-msmes\/\" aria-label=\"M\u00e1s informaci\u00f3n sobre Microsmart y Begini se asocian para impulsar el acceso a la microfinanciaci\u00f3n de las microempresas griegas\u00a0\" tabindex=\"-1\" >\n\t\t\tLeer M\u00e1s \"\t\t<\/a>\n\n\t\t\t\t<\/div>\n\t\t\t\t<div class=\"elementor-post__meta-data\">\n\t\t\t\t\t<span class=\"elementor-post-date\">\n\t\t\t28 mayo 2025\t\t<\/span>\n\t\t\t\t<\/div>\n\t\t\t\t\t<\/div>\n\t\t<\/article>\n\t\t\t\t<\/div>\n\t\t\n\t\t\t\t\t\t<\/div>\n\t\t\t\t<\/div>\n\t\t\t\t<div class=\"elementor-element elementor-element-75efe3b elementor-widget elementor-widget-spacer\" data-id=\"75efe3b\" data-element_type=\"widget\" data-e-type=\"widget\" data-widget_type=\"spacer.default\">\n\t\t\t\t<div class=\"elementor-widget-container\">\n\t\t\t\t\t\t\t<div class=\"elementor-spacer\">\n\t\t\t<div class=\"elementor-spacer-inner\"><\/div>\n\t\t<\/div>\n\t\t\t\t\t\t<\/div>\n\t\t\t\t<\/div>\n\t\t\t\t\t<\/div>\n\t\t\t\t<\/div>\n\t\t\t\t<\/div>","protected":false},"excerpt":{"rendered":"<p>Noticias de la empresa Mant\u00e9ngase informado con las \u00faltimas actualizaciones de Begini. Desde anuncios de asociaciones e innovaciones de productos hasta informaci\u00f3n sobre c\u00f3mo estamos impulsando la inclusi\u00f3n financiera a trav\u00e9s de la calificaci\u00f3n crediticia de datos alternativos, aqu\u00ed es donde encontrar\u00e1 las noticias que importan.<\/p>","protected":false},"author":209526199,"featured_media":0,"parent":0,"menu_order":0,"comment_status":"closed","ping_status":"closed","template":"elementor_header_footer","meta":{"_coblocks_attr":"","_coblocks_dimensions":"","_coblocks_responsive_height":"","_coblocks_accordion_ie_support":"","content-type":"","footnotes":""},"class_list":["post-3337","page","type-page","status-publish","hentry"],"yoast_head":"<!-- This site is optimized with the Yoast SEO plugin v27.3 - https:\/\/yoast.com\/product\/yoast-seo-wordpress\/ -->\n<title>Company News - Begini<\/title>\n<meta name=\"robots\" content=\"index, follow, max-snippet:-1, max-image-preview:large, max-video-preview:-1\" \/>\n<link rel=\"canonical\" href=\"https:\/\/www.begini.co\/es\/company-news\/\" \/>\n<meta property=\"og:locale\" content=\"es_ES\" \/>\n<meta property=\"og:type\" content=\"article\" \/>\n<meta property=\"og:title\" content=\"Company News - Begini\" \/>\n<meta property=\"og:description\" content=\"Company News Stay informed with the latest updates from Begini. From partnership announcements and product innovations to insights on how we&#8217;re driving financial inclusion through alternative data credit scoring, this is where you&#8217;ll find the news that matters.\" \/>\n<meta property=\"og:url\" content=\"https:\/\/www.begini.co\/es\/company-news\/\" \/>\n<meta property=\"og:site_name\" content=\"Begini\" \/>\n<meta property=\"article:modified_time\" content=\"2025-05-13T06:32:36+00:00\" \/>\n<meta name=\"twitter:card\" content=\"summary_large_image\" \/>\n<script type=\"application\/ld+json\" class=\"yoast-schema-graph\">{\"@context\":\"https:\\\/\\\/schema.org\",\"@graph\":[{\"@type\":\"WebPage\",\"@id\":\"https:\\\/\\\/www.begini.co\\\/company-news\\\/\",\"url\":\"https:\\\/\\\/www.begini.co\\\/company-news\\\/\",\"name\":\"Company News - Begini\",\"isPartOf\":{\"@id\":\"https:\\\/\\\/www.begini.co\\\/#website\"},\"datePublished\":\"2025-05-13T06:05:10+00:00\",\"dateModified\":\"2025-05-13T06:32:36+00:00\",\"breadcrumb\":{\"@id\":\"https:\\\/\\\/www.begini.co\\\/company-news\\\/#breadcrumb\"},\"inLanguage\":\"es\",\"potentialAction\":[{\"@type\":\"ReadAction\",\"target\":[\"https:\\\/\\\/www.begini.co\\\/company-news\\\/\"]}]},{\"@type\":\"BreadcrumbList\",\"@id\":\"https:\\\/\\\/www.begini.co\\\/company-news\\\/#breadcrumb\",\"itemListElement\":[{\"@type\":\"ListItem\",\"position\":1,\"name\":\"Home\",\"item\":\"https:\\\/\\\/www.begini.co\\\/\"},{\"@type\":\"ListItem\",\"position\":2,\"name\":\"Company News\"}]},{\"@type\":\"WebSite\",\"@id\":\"https:\\\/\\\/www.begini.co\\\/#website\",\"url\":\"https:\\\/\\\/www.begini.co\\\/\",\"name\":\"Begini\",\"description\":\"Make Better Decisions\",\"publisher\":{\"@id\":\"https:\\\/\\\/www.begini.co\\\/#organization\"},\"potentialAction\":[{\"@type\":\"SearchAction\",\"target\":{\"@type\":\"EntryPoint\",\"urlTemplate\":\"https:\\\/\\\/www.begini.co\\\/?s={search_term_string}\"},\"query-input\":{\"@type\":\"PropertyValueSpecification\",\"valueRequired\":true,\"valueName\":\"search_term_string\"}}],\"inLanguage\":\"es\"},{\"@type\":\"Organization\",\"@id\":\"https:\\\/\\\/www.begini.co\\\/#organization\",\"name\":\"Begini\",\"url\":\"https:\\\/\\\/www.begini.co\\\/\",\"logo\":{\"@type\":\"ImageObject\",\"inLanguage\":\"es\",\"@id\":\"https:\\\/\\\/www.begini.co\\\/#\\\/schema\\\/logo\\\/image\\\/\",\"url\":\"https:\\\/\\\/i0.wp.com\\\/www.begini.co\\\/wp-content\\\/uploads\\\/2021\\\/11\\\/Begini-logo_full-colour.png?fit=1709%2C639&ssl=1\",\"contentUrl\":\"https:\\\/\\\/i0.wp.com\\\/www.begini.co\\\/wp-content\\\/uploads\\\/2021\\\/11\\\/Begini-logo_full-colour.png?fit=1709%2C639&ssl=1\",\"width\":1709,\"height\":639,\"caption\":\"Begini\"},\"image\":{\"@id\":\"https:\\\/\\\/www.begini.co\\\/#\\\/schema\\\/logo\\\/image\\\/\"},\"sameAs\":[\"https:\\\/\\\/www.linkedin.com\\\/company\\\/begini\\\/\"]}]}<\/script>\n<!-- \/ Yoast SEO plugin. -->","yoast_head_json":{"title":"Company News - Begini","robots":{"index":"index","follow":"follow","max-snippet":"max-snippet:-1","max-image-preview":"max-image-preview:large","max-video-preview":"max-video-preview:-1"},"canonical":"https:\/\/www.begini.co\/es\/company-news\/","og_locale":"es_ES","og_type":"article","og_title":"Company News - Begini","og_description":"Company News Stay informed with the latest updates from Begini. From partnership announcements and product innovations to insights on how we&#8217;re driving financial inclusion through alternative data credit scoring, this is where you&#8217;ll find the news that matters.","og_url":"https:\/\/www.begini.co\/es\/company-news\/","og_site_name":"Begini","article_modified_time":"2025-05-13T06:32:36+00:00","twitter_card":"summary_large_image","schema":{"@context":"https:\/\/schema.org","@graph":[{"@type":"WebPage","@id":"https:\/\/www.begini.co\/company-news\/","url":"https:\/\/www.begini.co\/company-news\/","name":"Company News - Begini","isPartOf":{"@id":"https:\/\/www.begini.co\/#website"},"datePublished":"2025-05-13T06:05:10+00:00","dateModified":"2025-05-13T06:32:36+00:00","breadcrumb":{"@id":"https:\/\/www.begini.co\/company-news\/#breadcrumb"},"inLanguage":"es","potentialAction":[{"@type":"ReadAction","target":["https:\/\/www.begini.co\/company-news\/"]}]},{"@type":"BreadcrumbList","@id":"https:\/\/www.begini.co\/company-news\/#breadcrumb","itemListElement":[{"@type":"ListItem","position":1,"name":"Home","item":"https:\/\/www.begini.co\/"},{"@type":"ListItem","position":2,"name":"Company News"}]},{"@type":"WebSite","@id":"https:\/\/www.begini.co\/#website","url":"https:\/\/www.begini.co\/","name":"Begini","description":"Tome mejores decisiones","publisher":{"@id":"https:\/\/www.begini.co\/#organization"},"potentialAction":[{"@type":"SearchAction","target":{"@type":"EntryPoint","urlTemplate":"https:\/\/www.begini.co\/?s={search_term_string}"},"query-input":{"@type":"PropertyValueSpecification","valueRequired":true,"valueName":"search_term_string"}}],"inLanguage":"es"},{"@type":"Organization","@id":"https:\/\/www.begini.co\/#organization","name":"Begini","url":"https:\/\/www.begini.co\/","logo":{"@type":"ImageObject","inLanguage":"es","@id":"https:\/\/www.begini.co\/#\/schema\/logo\/image\/","url":"https:\/\/i0.wp.com\/www.begini.co\/wp-content\/uploads\/2021\/11\/Begini-logo_full-colour.png?fit=1709%2C639&ssl=1","contentUrl":"https:\/\/i0.wp.com\/www.begini.co\/wp-content\/uploads\/2021\/11\/Begini-logo_full-colour.png?fit=1709%2C639&ssl=1","width":1709,"height":639,"caption":"Begini"},"image":{"@id":"https:\/\/www.begini.co\/#\/schema\/logo\/image\/"},"sameAs":["https:\/\/www.linkedin.com\/company\/begini\/"]}]}},"jetpack_likes_enabled":null,"jetpack_sharing_enabled":false,"jetpack_shortlink":"https:\/\/wp.me\/PdtDxH-RP","amp_enabled":false,"_links":{"self":[{"href":"https:\/\/www.begini.co\/es\/wp-json\/wp\/v2\/pages\/3337","targetHints":{"allow":["GET"]}}],"collection":[{"href":"https:\/\/www.begini.co\/es\/wp-json\/wp\/v2\/pages"}],"about":[{"href":"https:\/\/www.begini.co\/es\/wp-json\/wp\/v2\/types\/page"}],"author":[{"embeddable":true,"href":"https:\/\/www.begini.co\/es\/wp-json\/wp\/v2\/users\/209526199"}],"replies":[{"embeddable":true,"href":"https:\/\/www.begini.co\/es\/wp-json\/wp\/v2\/comments?post=3337"}],"version-history":[{"count":18,"href":"https:\/\/www.begini.co\/es\/wp-json\/wp\/v2\/pages\/3337\/revisions"}],"predecessor-version":[{"id":3359,"href":"https:\/\/www.begini.co\/es\/wp-json\/wp\/v2\/pages\/3337\/revisions\/3359"}],"wp:attachment":[{"href":"https:\/\/www.begini.co\/es\/wp-json\/wp\/v2\/media?parent=3337"}],"curies":[{"name":"wp","href":"https:\/\/api.w.org\/{rel}","templated":true}]}}